{"id":972,"date":"2025-10-10T06:30:59","date_gmt":"2025-10-10T06:30:59","guid":{"rendered":"https:\/\/coex-gmbh.de\/?page_id=972"},"modified":"2025-10-20T07:14:19","modified_gmt":"2025-10-20T07:14:19","slug":"stadtfeste-und-maerkte-2026","status":"publish","type":"page","link":"https:\/\/coex-gmbh.de\/index.php\/stadtfeste-und-maerkte-2026\/","title":{"rendered":"Stadtfeste und M\u00e4rkte 2026"},"content":{"rendered":"<p><html><br \/>\n<html><\/p>\n<div align=\"center\">\n<h3>Stadtfeste &#038; M\u00e4rkte 2026<\/h3>\n<\/div>\n<p> <body text=\"#000000\" vlink=\"#8F2C8C\" alink=\"#000000\" link=\"#8F2C8C\" bgcolor= ><br \/>\n        <font face=\"Arial\"><br \/>\n\t\t\t<\/table>\n<div align=\"center\"><\/div>\n<div align=\"center\">\n<table  cellspacing=\"4\" cellpadding=\"0\" >\n<tr height=\"23\">\n\t\t\t\t\t<button onclick=\"window.location.href = 'https:\/\/coex-gmbh.de\/index.php\/stadtfeste-maerkte-2025\/';\">Veranstaltung 2025<\/button><\/p>\n<p>\n\t\t\t\t\t\t\t<\/p>\n<\/p><\/div>\n<td colspan=\"9\" valign=\"top\">\n<hr align=\"left\" color=\"#8F2C8C\" width=\"900\">\n<\/td>\n<\/tr>\n<tr>\n<td valign=\"top\" width=\"100\"><font size=\"2\" color=\"black\">18.04. &#8211; 19.04.<\/font><\/td>\n<td valign=\"top\" width=\"205\"><font size=\"2\" color=\"black\">Tulpenfest in 14467 Potsdam<\/font><\/td>\n<td valign=\"top\" width=\"210\"><font size=\"2\" color=\"black\">Holl\u00e4ndisches Viertel, Bassinplatz<\/font><\/td>\n<\/p>\n<\/td>\n<td valign=\"top\" width=\"250\"><font size=\"2\" color=\"black\">Holl\u00e4ndisches Handwerk\/ K\u00fcnstler, H\u00e4ndler<\/font><\/p>\n<\/td>\n<td valign=\"top\"><\/td>\n<td valign=\"top\"><\/td>\n<td valign=\"top\"><\/td>\n<td valign=\"top\" width=\"100\"><font size=\"2\"><a href=\"https:\/\/coex-gmbh.de\/Anmeldung_Tulpenfest_2026.pdf\" target=\"_blank\" rel=\"noopener\">Anmeldung<\/a><\/font><\/p>\n<p><font size=\"2\"><a href=\"https:\/\/coex-gmbh.de\/Marktordnung_Tulpenfest.pdf\" target=\"_blank\" rel=\"noopener\">Marktordnung<\/a><\/font><\/p>\n<td valign=\"top\" height=\"23\"><font size=\"2\" color=\"black\" face=\"Arial\"><a href=\"_\">Plan<\/a>\n\t\t\t\t\t\t<\/td>\n<td valign=\"top\"><\/td>\n<\/tr>\n<tr>\n<td colspan=\"9\" valign=\"top\">\n<hr align=\"left\" color=\"#8F2C8C\" width=\"900\">\n\t\t\t\t\t\t<\/td>\n<\/tr>\n<tr>\n<td valign=\"top\" width=\"100\"><font size=\"2\" color=\"black\">14.05.<\/font><\/td>\n<td valign=\"top\" width=\"205\"><font size=\"2\" color=\"black\">33. Burgfest in 09429 Wolkenstein <\/font><\/p>\n<\/td>\n<td valign=\"top\" width=\"210\"><font size=\"2\" color=\"black\">Marktplatz, Innenstadt    <\/font><\/p>\n<\/td>\n<td valign=\"top\" width=\"250\"><font size=\"2\" color=\"black\">Programme auf mehreren B&uuml;hnen, Lasershow, Handwerker, gro\u00dfer Schaustellerpark, H\u00e4ndler<\/font><\/p>\n<\/td>\n<td valign=\"top\"><\/td>\n<td valign=\"top\"><\/td>\n<td valign=\"top\"><\/td>\n<td valign=\"top\" width=\"100\"><font size=\"2\"><a href=\"https:\/\/coex-gmbh.de\/Anmeldung_Burgfest_Wolkenstein_26.pdf\" target=\"_blank\" rel=\"noopener\">Anmeldung<\/a><\/font><\/td>\n<td valign=\"top\"><\/td>\n<\/tr>\n<tr>\n<td colspan=\"9\" valign=\"top\">\n<hr align=\"left\" color=\"#8F2C8C\" width=\"900\">\n\t\t\t\t\t\t<\/td>\n<\/tr>\n<tr>\n<td valign=\"top\" width=\"100\"><font size=\"2\" color=\"black\">12.06. &#8211; 14.06.<\/font><\/p>\n<\/td>\n<td valign=\"top\" width=\"205\"><font size=\"2\" color=\"black\">34. Turmfest in 14943 Luckenwalde<\/font><\/p>\n<p>\n\t\t\t\t\t\t\t<\/p>\n<\/td>\n<td valign=\"top\" width=\"210\"><font size=\"2\" color=\"black\">Marktplatz, Innenstadt <\/font><\/p>\n<\/td>\n<td valign=\"top\" width=\"250\"><font size=\"2\" color=\"black\">Programme auf mehreren B&uuml;hnen, Lasershow, Handwerker, gro\u00dfer Schaustellerpark, H\u00e4ndler<\/font><\/p>\n<\/td>\n<td valign=\"top\"><\/td>\n<td valign=\"top\"><\/td>\n<td valign=\"top\"><\/td>\n<td valign=\"top\" width=\"100\"><font size=\"2\"><a href=\"https:\/\/coex-gmbh.de\/Anmeldung_Turmfest_Luckenwalde_26.pdf\" target=\"_blank\" rel=\"noopener\">Anmeldung<\/a><\/font><\/td>\n<td valign=\"top\"><\/td>\n<\/tr>\n<tr>\n<td valign=\"top\" width=\"100\"><font size=\"2\" color=\"black\">19.06. &#8211; 21.06.<\/font><\/td>\n<td valign=\"top\" width=\"205\"><font size=\"2\" color=\"black\">33. Stadtfest in 03046 Cottbus <\/font><\/p>\n<p><font size=\"2\" color=\"black\">(gr&ouml;&szlig;tes Fest der Region)<\/font><\/p>\n<\/td>\n<td valign=\"top\" width=\"210\"><font size=\"2\" color=\"black\">Innenstadt<br \/>\n\t\t\t\t\t\t\t<\/font><\/td>\n<td valign=\"top\" width=\"250\"><font size=\"2\" color=\"black\">mehrere B&uuml;hnen, Schausteller, Handwerker, H\u00e4ndler<\/font><\/td>\n<td valign=\"top\"><\/td>\n<td valign=\"top\"><\/td>\n<td valign=\"top\"><\/td>\n<td valign=\"top\" width=\"100\"><font size=\"2\"><a href=\"https:\/\/coex-gmbh.de\/Anmeldung_SF_Cottbus_26.pdf\" target=\"_blank\" rel=\"noopener\">Anmeldung<\/a><\/font><\/p>\n<td valign=\"top\" height=\"23\"><font size=\"2\" color=\"black\" face=\"Arial\"><a href=\"_\">Info<\/a><\/p>\n<\/td>\n<td valign=\"top\"><\/td>\n<\/tr>\n<tr>\n<td colspan=\"9\" valign=\"top\">\n<hr align=\"left\" color=\"#8F2C8C\" width=\"900\">\n<\/td>\n<\/tr>\n<tr>\n<td valign=\"top\" width=\"100\"><font size=\"2\" color=\"black\">01.10. &#8211; 04.10.<\/font><\/p>\n<\/td>\n<td valign=\"top\" width=\"205\"><font size=\"2\" color=\"black\">29. Lausitzer Herbstmarkt in 03046 Cottbus<\/font><\/td>\n<td valign=\"top\" width=\"210\"><font size=\"2\" color=\"black\">Altmarkt, Oberkirchplatz<\/font><\/td>\n<td valign=\"top\" width=\"250\"><font size=\"2\" color=\"black\">Kulturprogramm, H\u00e4ndler, Kunsthandwerk, Schausteller<\/font><\/p>\n<\/td>\n<td valign=\"top\"><\/td>\n<td valign=\"top\"><\/td>\n<td valign=\"top\"><\/td>\n<td valign=\"top\" width=\"100\"><font size=\"2\"><a href=\"https:\/\/coex-gmbh.de\/Anmeldung_Herbstmarkt_CB_26.pdf\" target=\"_blank\" rel=\"noopener\">Anmeldung<\/a><\/font><\/td>\n<td valign=\"top\"><\/td>\n<\/tr>\n<tr>\n<td colspan=\"9\" valign=\"top\">\n<hr align=\"left\" color=\"#8F2C8C\" width=\"900\">\n\t\t\t\t\t\t<\/td>\n<\/tr>\n<\/table><\/div>\n<p>\t\t<\/font><br \/>\n\t<\/body><\/p>\n<p><\/html><\/p>\n","protected":false},"excerpt":{"rendered":"<p>Stadtfeste &#038; M\u00e4rkte 2026 Veranstaltung 2025 18.04. &#8211; 19.04. Tulpenfest in 14467 Potsdam Holl\u00e4ndisches Viertel, Bassinplatz Holl\u00e4ndisches Handwerk\/ K\u00fcnstler, H\u00e4ndler Anmeldung Marktordnung Plan 14.05. 33. Burgfest in 09429 Wolkenstein Marktplatz, Innenstadt Programme auf mehreren B&uuml;hnen, Lasershow, Handwerker, gro\u00dfer Schaustellerpark, H\u00e4ndler Anmeldung 12.06. &#8211; 14.06. 34. Turmfest in 14943 Luckenwalde Marktplatz, Innenstadt Programme auf mehreren B&uuml;hnen, [&hellip;]<\/p>\n","protected":false},"author":1,"featured_media":0,"parent":0,"menu_order":0,"comment_status":"closed","ping_status":"closed","template":"","meta":{"footnotes":""},"class_list":["post-972","page","type-page","status-publish","hentry"],"_links":{"self":[{"href":"https:\/\/coex-gmbh.de\/index.php\/wp-json\/wp\/v2\/pages\/972","targetHints":{"allow":["GET"]}}],"collection":[{"href":"https:\/\/coex-gmbh.de\/index.php\/wp-json\/wp\/v2\/pages"}],"about":[{"href":"https:\/\/coex-gmbh.de\/index.php\/wp-json\/wp\/v2\/types\/page"}],"author":[{"embeddable":true,"href":"https:\/\/coex-gmbh.de\/index.php\/wp-json\/wp\/v2\/users\/1"}],"replies":[{"embeddable":true,"href":"https:\/\/coex-gmbh.de\/index.php\/wp-json\/wp\/v2\/comments?post=972"}],"version-history":[{"count":7,"href":"https:\/\/coex-gmbh.de\/index.php\/wp-json\/wp\/v2\/pages\/972\/revisions"}],"predecessor-version":[{"id":992,"href":"https:\/\/coex-gmbh.de\/index.php\/wp-json\/wp\/v2\/pages\/972\/revisions\/992"}],"wp:attachment":[{"href":"https:\/\/coex-gmbh.de\/index.php\/wp-json\/wp\/v2\/media?parent=972"}],"curies":[{"name":"wp","href":"https:\/\/api.w.org\/{rel}","templated":true}]}}